{"id":73,"date":"2018-10-11T19:23:24","date_gmt":"2018-10-11T19:23:24","guid":{"rendered":"http:\/\/dr-svenja-roch.de\/?page_id=73"},"modified":"2021-12-31T18:25:18","modified_gmt":"2021-12-31T18:25:18","slug":"wissenschaftliche-arbeit","status":"publish","type":"page","link":"http:\/\/dr-svenja-roch.de\/?page_id=73","title":{"rendered":"Ver\u00f6ffentlichungen"},"content":{"rendered":"<div data-colibri-id=\"73-c1\" class=\"style-386 style-local-73-c1 position-relative\">\n  <!---->\n  <div data-colibri-component=\"section\" data-colibri-id=\"73-c2\" id=\"custom\" class=\"h-section h-section-global-spacing d-flex align-items-lg-center align-items-md-center align-items-center style-395 style-local-73-c2 position-relative\">\n    <!---->\n    <!---->\n    <div class=\"h-section-grid-container h-section-boxed-container\">\n      <!---->\n      <div data-colibri-id=\"73-c3\" class=\"h-row-container gutters-row-lg-2 gutters-row-md-2 gutters-row-0 gutters-row-v-lg-2 gutters-row-v-md-2 gutters-row-v-2 style-398 style-local-73-c3 position-relative\">\n        <!---->\n        <div class=\"h-row justify-content-lg-center justify-content-md-center justify-content-center align-items-lg-stretch align-items-md-stretch align-items-stretch gutters-col-lg-2 gutters-col-md-2 gutters-col-0 gutters-col-v-lg-2 gutters-col-v-md-2 gutters-col-v-2\">\n          <!---->\n          <div class=\"h-column h-column-container d-flex h-col-lg-auto h-col-md-auto h-col-auto style-399-outer style-local-73-c4-outer\">\n            <div data-colibri-id=\"73-c4\" class=\"d-flex h-flex-basis h-column__inner h-px-lg-2 h-px-md-2 h-px-2 v-inner-lg-2 v-inner-md-2 v-inner-2 style-399 style-local-73-c4 position-relative\">\n              <!---->\n              <!---->\n              <div class=\"w-100 h-y-container h-column__content h-column__v-align flex-basis-100 align-self-lg-start align-self-md-start align-self-start\">\n                <!---->\n                <div data-colibri-id=\"73-c5\" class=\"h-text h-text-component style-400 style-local-73-c5 position-relative h-element\">\n                  <!---->\n                  <!---->\n                  <div class=\"\">\n                    <h2>Zeitschriftenbeitr\u00e4ge<\/h2>\n                    <p>Hampel, P., Amtmann, E., <strong>Roch, S.<\/strong>, Karpinski, N. K. &amp; Petermann, F. (2017). Stressverarbeitungsfragebogen f\u00fcr Kinder und Jugendliche (SVF-KJ): Modifikationen und aktuelle Normierung. <em>Diagnostica<\/em>. DOI 10.1026\/0012-1924\/a000196<\/p>\n                    <p>Hampel, P., K\u00f6pnick, A. &amp; <strong>Roch, S.<\/strong> (2019). Psychological and work-related outcomes after inpatient multidisciplinary rehabilitation of chronic low back pain: a prospective randomized controlled trial. <em>BMC Psychology, 7 <\/em>(1),\n                      332.\n                      <a href=\"https:\/\/doi.org\/10.1186\/s40359-019-0282-3\" class=\"customize-unpreviewable\">https:\/\/doi.org\/10.1186\/s40359-019-0282-3<\/a>\n                    <\/p>\n                    <p><strong>Roch, S.<\/strong>, F\u00f6llmer, J. &amp; Hampel, P. (2017). Mediiert die Depressivit\u00e4t die Beziehung zwischen Angst-Vermeidungs-Kognitionen und Lebensqualit\u00e4t?. <em>Der Schmerz, 31<\/em>, 102-107.<\/p>\n                    <p><strong>Roch, S.<\/strong>, Fydrich, T., K\u00fcch, D., Meyer, J., Rabe, K., Besch, D., Worringen, U. &amp; Hampel, P. (2016). Erfassung von Depressivit\u00e4t und \u00c4ngstlichkeit in der station\u00e4ren verhal\u00adtensmedizinisch orthop\u00e4dischen Rehabilitation\n                      \u2013 eine Fragebogenvalidierung mithilfe des SKID. <em>Physikalische Medizin Rehabilitationsmedizin Kurortmedizin, 26<\/em>, 130-136.<\/p>\n                    <p><strong>Roch, S.<\/strong> &amp; Hampel, P. (2016). Psychologische Aspekte in der Behandlung von chronischen R\u00fcckenschmerzen in Deutschland \u2013 eine Literatur\u00fcbersicht. <em>Die Rehabilitation, 55<\/em>, 326-332.<\/p>\n                    <p><strong>Roch, S.<\/strong> &amp; Hampel, P. (2017). Kurz- und mittelfristige Wirksamkeit einer st\u00f6rungsspezifischen prim\u00e4ren und sekund\u00e4ren Pr\u00e4vention von komorbider Depressivit\u00e4t bei chronischen R\u00fcckenschmerzen. <em>Psychotherapie \u00b7 Psychosomatik \u00b7 Medizinische Psychologie<\/em>.<\/p>\n                    <p>Dar\u00fcber hinaus haben die Daten zur Fragebogenvalidierung (Roch et al. 2016) zu einer internationalen Meta-Analyse beigetragen:\n                      <br>Levis B, Sun Y, He C, et al. (2020). Accuracy of the PHQ-2 Alone and in Combination With the PHQ-9 for Screening to Detect Major Depression: Systematic Review and Meta-analysis. <em>JAMA, 323,&nbsp;<\/em>2290-2300.\n                      <a href=\"https:\/\/jamanetwork.com\/journals\/jama\/fullarticle\/2766865\"\n                        class=\"customize-unpreviewable\">doi:10.1001\/jama.2020.6504<\/a>\n                    <\/p>\n                    <h2>Monographien<\/h2>\n                    <p>Mohr, B., Korsch, S., <strong>Roch, S<\/strong>. &amp; Hampel, P. (2017). <em>Debora. Trainingsmanual R\u00fcckenschmerzkompetenz und Depressionspr\u00e4vention<\/em>. Berlin: Springer.<\/p>\n                    <p><strong>Roch, S.<\/strong> (2017). Der Mixed-Methods-Ansatz. In J. Winkel, W. Fichten &amp; K. Gro\u00dfmann (Hrsg.), <em>Forschendes Lernen an der Europa-Universit\u00e4t Flensburg \u2013 Erhebungsmethoden<\/em> (S. 95-110). Flensburg: Zentrum f\u00fcr\n                      Lehrerinnen- und Lehrerbildung der Europa-Universit\u00e4t Flensburg.<\/p>\n                    <p><strong>Roch, S.<\/strong> &amp; Hampel, P. (2019). Modelle von Gesundheit und Krankheit. In R. Haring (Hrsg.), <em>Gesundheitswissenschaften. Springer Reference Pflege \u2013 Therapie \u2013 Gesundheit<\/em> (S.&nbsp;247-255).&nbsp;Berlin: Springer.\n                      <a href=\"https:\/\/doi.org\/10.1007\/978-3-662-58314-2_23\" class=\"customize-unpreviewable\">https:\/\/doi.org\/10.1007\/978-3-662-58314-2_23<\/a>\n                    <\/p>\n                    <p>Das Buchkapitel \u00fcber die Modelle von Gesundheit und Krankheit wurde \u00fcberarbeitet und ist in einer neuen Version verf\u00fcgbar:\n                      <br><strong style=\"font-size: 16px; font-family: &quot;Open Sans&quot;; color: rgb(153, 153, 153);\">Roch, S.<\/strong><span style=\"font-size: 16px; font-family: &quot;Open Sans&quot;; color: rgb(153, 153, 153);\">&nbsp;&amp; Hampel, P. (2021). Modelle von Gesundheit und Krankheit. In R. Haring (Hrsg.),&nbsp;<\/span>\n                      <em\n                        style=\"font-size: 16px; font-family: &quot;Open Sans&quot;; color: rgb(153, 153, 153);\">Gesundheitswissenschaften. Springer Reference Pflege \u2013 Therapie \u2013 Gesundheit<\/em><span style=\"font-size: 16px; font-family: &quot;Open Sans&quot;; color: rgb(153, 153, 153);\">.&nbsp;Berlin: Springer.&nbsp;<\/span>https:\/\/doi.org\/10.1007\/978-3-662-54179-1_23-2\n                        <br>\n                    <\/p>\n                  <\/div>\n                <\/div>\n              <\/div>\n            <\/div>\n          <\/div>\n        <\/div>\n      <\/div>\n    <\/div>\n  <\/div>\n<\/div>","protected":false},"excerpt":{"rendered":"<p>Zeitschriftenbeitr\u00e4ge Hampel, P., Amtmann, E., Roch, S., Karpinski, N. K. &amp; Petermann, F. (2017). Stressverarbeitungsfragebogen f\u00fcr Kinder und Jugendliche (SVF-KJ): Modifikationen und aktuelle Normierung. Diagnostica. DOI 10.1026\/0012-1924\/a000196 Hampel, P., K\u00f6pnick, A. &amp; Roch, S. (2019). Psychological and work-related outcomes after inpatient multidisciplinary rehabilitation of chronic low back pain: a prospective randomized controlled trial. BMC Psychology, [&hellip;]<\/p>\n","protected":false},"author":1,"featured_media":0,"parent":137,"menu_order":0,"comment_status":"closed","ping_status":"closed","template":"page-templates\/full-width-page.php","meta":{"footnotes":""},"class_list":["post-73","page","type-page","status-publish","hentry"],"_links":{"self":[{"href":"http:\/\/dr-svenja-roch.de\/index.php?rest_route=\/wp\/v2\/pages\/73","targetHints":{"allow":["GET"]}}],"collection":[{"href":"http:\/\/dr-svenja-roch.de\/index.php?rest_route=\/wp\/v2\/pages"}],"about":[{"href":"http:\/\/dr-svenja-roch.de\/index.php?rest_route=\/wp\/v2\/types\/page"}],"author":[{"embeddable":true,"href":"http:\/\/dr-svenja-roch.de\/index.php?rest_route=\/wp\/v2\/users\/1"}],"replies":[{"embeddable":true,"href":"http:\/\/dr-svenja-roch.de\/index.php?rest_route=%2Fwp%2Fv2%2Fcomments&post=73"}],"version-history":[{"count":12,"href":"http:\/\/dr-svenja-roch.de\/index.php?rest_route=\/wp\/v2\/pages\/73\/revisions"}],"predecessor-version":[{"id":506,"href":"http:\/\/dr-svenja-roch.de\/index.php?rest_route=\/wp\/v2\/pages\/73\/revisions\/506"}],"up":[{"embeddable":true,"href":"http:\/\/dr-svenja-roch.de\/index.php?rest_route=\/wp\/v2\/pages\/137"}],"wp:attachment":[{"href":"http:\/\/dr-svenja-roch.de\/index.php?rest_route=%2Fwp%2Fv2%2Fmedia&parent=73"}],"curies":[{"name":"wp","href":"https:\/\/api.w.org\/{rel}","templated":true}]}}