{"id":29,"date":"2018-09-25T20:35:50","date_gmt":"2018-09-25T20:35:50","guid":{"rendered":"http:\/\/dr-svenja-roch.de\/?page_id=29"},"modified":"2025-11-12T19:27:09","modified_gmt":"2025-11-12T19:27:09","slug":"impressum","status":"publish","type":"page","link":"http:\/\/dr-svenja-roch.de\/?page_id=29","title":{"rendered":"Impressum"},"content":{"rendered":"<div data-colibri-id=\"29-c1\" class=\"style-522 style-local-29-c1 position-relative\">\n  <!---->\n  <div data-colibri-component=\"section\" data-colibri-id=\"29-c2\" id=\"initial-content\" class=\"h-section h-section-global-spacing d-flex align-items-lg-center align-items-md-center align-items-center style-523 style-local-29-c2 position-relative\">\n    <!---->\n    <!---->\n    <div class=\"h-section-grid-container h-section-boxed-container\">\n      <!---->\n      <div data-colibri-id=\"29-c3\" class=\"h-row-container gutters-row-lg-2 gutters-row-md-2 gutters-row-0 gutters-row-v-lg-2 gutters-row-v-md-2 gutters-row-v-2 style-527 style-local-29-c3 position-relative\">\n        <!---->\n        <div class=\"h-row justify-content-lg-center justify-content-md-center justify-content-center align-items-lg-stretch align-items-md-stretch align-items-stretch gutters-col-lg-2 gutters-col-md-2 gutters-col-0 gutters-col-v-lg-2 gutters-col-v-md-2 gutters-col-v-2\">\n          <!---->\n          <div class=\"h-column h-column-container d-flex h-col-lg-12 h-col-md-12 h-col-12 style-528-outer style-local-29-c4-outer\">\n            <div data-colibri-id=\"29-c4\" class=\"d-flex h-flex-basis h-column__inner h-px-lg-2 h-px-md-2 h-px-2 v-inner-lg-2 v-inner-md-2 v-inner-2 style-528 style-local-29-c4 position-relative\">\n              <!---->\n              <!---->\n              <div class=\"w-100 h-y-container h-column__content h-column__v-align flex-basis-100 align-self-lg-start align-self-md-start align-self-start\">\n                <!---->\n                <div data-colibri-id=\"29-c5\" class=\"h-text h-text-component style-530 style-local-29-c5 position-relative h-element\">\n                  <!---->\n                  <!---->\n                  <div class=\"\">\n                    <p><span style=\"font-size: 16px; font-family: &quot;Open Sans&quot;; color: rgb(153, 153, 153);\">E-Mail: homepage@dr-svenja-roch.de<\/span><\/p>\n                    <h2>Haftungshinweise<\/h2>\n                    <h3>Inhalte der Website<\/h3>\n                    <p><span style=\"font-size: 16px; font-family: &quot;Open Sans&quot;; color: rgb(153, 153, 153);\">Trotz sorgf\u00e4ltiger inhaltlicher Kontrolle wird keine Haftung f\u00fcr Aktualit\u00e4t, Korrektheit oder Vollst\u00e4ndigkeit der bereitgestellten Informationen \u00fcbernommen. Alle Angebote sind unverbindlich. Wir behalten uns vor, einzelne Teile oder die gesamte Website ohne gesonderte Ank\u00fcndigung zu ver\u00e4ndern oder zu erg\u00e4nzen.<\/span><\/p>\n                    <h3>Verweise und Links<\/h3>\n                    <p><span style=\"font-size: 16px; font-family: &quot;Open Sans&quot;; color: rgb(153, 153, 153);\">Trotz sorgf\u00e4ltiger inhaltlicher Kontrolle wird keine Haftung f\u00fcr die Inhalte externer Links \u00fcbernommen. F\u00fcr den Inhalt der verlinkten Seiten sind ausschlie\u00dflich deren Betreiber verantwortlich.<\/span><\/p>\n                    <h3>Urheber- und Kennzeichenrecht<\/h3>\n                    <p><span style=\"font-size: 16px; font-family: &quot;Open Sans&quot;; color: rgb(153, 153, 153);\">Das Copyright f\u00fcr ver\u00f6ffentlichte, von uns selbst erstellte Grafiken, Tondokumente, Videosequenzen und Texte bleibt allein bei uns bzw. den jeweiligen Autoren der Seiten. Eine Vervielf\u00e4ltigung oder Verwendung solcher Inhalte in anderen elektronischen oder gedruckten Publikationen ist ohne ausdr\u00fcckliche Zustimmung der Autoren nicht gestattet.<\/span><\/p>\n                  <\/div>\n                <\/div>\n              <\/div>\n            <\/div>\n          <\/div>\n        <\/div>\n      <\/div>\n    <\/div>\n  <\/div>\n<\/div>","protected":false},"excerpt":{"rendered":"<p>E-Mail: homepage@dr-svenja-roch.de Haftungshinweise Inhalte der Website Trotz sorgf\u00e4ltiger inhaltlicher Kontrolle wird keine Haftung f\u00fcr Aktualit\u00e4t, Korrektheit oder Vollst\u00e4ndigkeit der bereitgestellten Informationen \u00fcbernommen. Alle Angebote sind unverbindlich. Wir behalten uns vor, einzelne Teile oder die gesamte Website ohne gesonderte Ank\u00fcndigung zu ver\u00e4ndern oder zu erg\u00e4nzen. Verweise und Links Trotz sorgf\u00e4ltiger inhaltlicher Kontrolle wird keine Haftung f\u00fcr [&hellip;]<\/p>\n","protected":false},"author":1,"featured_media":0,"parent":0,"menu_order":3,"comment_status":"closed","ping_status":"closed","template":"page-templates\/full-width-page.php","meta":{"footnotes":""},"class_list":["post-29","page","type-page","status-publish","hentry"],"_links":{"self":[{"href":"http:\/\/dr-svenja-roch.de\/index.php?rest_route=\/wp\/v2\/pages\/29","targetHints":{"allow":["GET"]}}],"collection":[{"href":"http:\/\/dr-svenja-roch.de\/index.php?rest_route=\/wp\/v2\/pages"}],"about":[{"href":"http:\/\/dr-svenja-roch.de\/index.php?rest_route=\/wp\/v2\/types\/page"}],"author":[{"embeddable":true,"href":"http:\/\/dr-svenja-roch.de\/index.php?rest_route=\/wp\/v2\/users\/1"}],"replies":[{"embeddable":true,"href":"http:\/\/dr-svenja-roch.de\/index.php?rest_route=%2Fwp%2Fv2%2Fcomments&post=29"}],"version-history":[{"count":9,"href":"http:\/\/dr-svenja-roch.de\/index.php?rest_route=\/wp\/v2\/pages\/29\/revisions"}],"predecessor-version":[{"id":629,"href":"http:\/\/dr-svenja-roch.de\/index.php?rest_route=\/wp\/v2\/pages\/29\/revisions\/629"}],"wp:attachment":[{"href":"http:\/\/dr-svenja-roch.de\/index.php?rest_route=%2Fwp%2Fv2%2Fmedia&parent=29"}],"curies":[{"name":"wp","href":"https:\/\/api.w.org\/{rel}","templated":true}]}}