{"id":137,"date":"2020-05-11T19:15:43","date_gmt":"2020-05-11T19:15:43","guid":{"rendered":"http:\/\/dr-svenja-roch.de\/?page_id=137"},"modified":"2024-12-15T12:26:04","modified_gmt":"2024-12-15T12:26:04","slug":"wissenschaftliche-arbeit-2","status":"publish","type":"page","link":"http:\/\/dr-svenja-roch.de\/?page_id=137","title":{"rendered":"Wissenschaftliche Arbeit"},"content":{"rendered":"<div data-colibri-id=\"137-c1\" class=\"style-306 style-local-137-c1 position-relative\">\n  <!---->\n  <div data-colibri-component=\"section\" data-colibri-id=\"137-c2\" id=\"about-2\" class=\"h-section h-section-global-spacing d-flex align-items-lg-center align-items-md-center align-items-center style-351 style-local-137-c2 position-relative\">\n    <!---->\n    <!---->\n    <div class=\"h-section-grid-container h-section-boxed-container\">\n      <!---->\n      <div data-colibri-id=\"137-c3\" class=\"h-row-container gutters-row-lg-0 gutters-row-md-0 gutters-row-0 gutters-row-v-lg-0 gutters-row-v-md-0 gutters-row-v-0 style-352 style-local-137-c3 position-relative\">\n        <!---->\n        <div class=\"h-row justify-content-lg-center justify-content-md-center justify-content-center align-items-lg-stretch align-items-md-stretch align-items-stretch gutters-col-lg-0 gutters-col-md-0 gutters-col-0 gutters-col-v-lg-0 gutters-col-v-md-0 gutters-col-v-0\">\n          <!---->\n          <div class=\"h-column h-column-container d-flex h-col-lg-auto h-col-md-auto h-col-auto style-358-outer style-local-137-c4-outer\">\n            <div data-colibri-id=\"137-c4\" class=\"d-flex h-flex-basis h-column__inner h-px-lg-2 h-px-md-2 h-px-2 v-inner-lg-2 v-inner-md-2 v-inner-2 style-358 style-local-137-c4 position-relative\">\n              <!---->\n              <!---->\n              <div class=\"w-100 h-y-container h-column__content h-column__v-align flex-basis-100 align-self-lg-start align-self-md-start align-self-start\">\n                <!---->\n                <div data-colibri-id=\"137-c5\" class=\"d-block style-359 style-local-137-c5 position-relative h-element\">\n                  <!---->\n                  <div class=\"h-image__frame-container-outer\">\n                    <div class=\"h-image__frame-container\">\n                      <!---->\n                      <!---->\n                      <img loading=\"lazy\" decoding=\"async\" width=\"1804\" height=\"1804\" src=\"http:\/\/dr-svenja-roch.de\/wp-content\/uploads\/2021\/03\/cropped-cropped-cropped-89D3B365-ACD5-46E9-8EE5-A6B72354A4D0.jpeg\" class=\"wp-image-413 style-359-image style-local-137-c5-image\" alt=\"\" srcset=\"http:\/\/dr-svenja-roch.de\/wp-content\/uploads\/2021\/03\/cropped-cropped-cropped-89D3B365-ACD5-46E9-8EE5-A6B72354A4D0.jpeg 1804w, http:\/\/dr-svenja-roch.de\/wp-content\/uploads\/2021\/03\/cropped-cropped-cropped-89D3B365-ACD5-46E9-8EE5-A6B72354A4D0-300x300.jpeg 300w, http:\/\/dr-svenja-roch.de\/wp-content\/uploads\/2021\/03\/cropped-cropped-cropped-89D3B365-ACD5-46E9-8EE5-A6B72354A4D0-1024x1024.jpeg 1024w, http:\/\/dr-svenja-roch.de\/wp-content\/uploads\/2021\/03\/cropped-cropped-cropped-89D3B365-ACD5-46E9-8EE5-A6B72354A4D0-150x150.jpeg 150w, http:\/\/dr-svenja-roch.de\/wp-content\/uploads\/2021\/03\/cropped-cropped-cropped-89D3B365-ACD5-46E9-8EE5-A6B72354A4D0-768x768.jpeg 768w, http:\/\/dr-svenja-roch.de\/wp-content\/uploads\/2021\/03\/cropped-cropped-cropped-89D3B365-ACD5-46E9-8EE5-A6B72354A4D0-1536x1536.jpeg 1536w\" sizes=\"auto, (max-width: 1804px) 100vw, 1804px\" \/>\n                      <div class=\"h-image__frame h-hide-lg h-hide-md h-hide-sm style-359-frameImage style-local-137-c5-frameImage\"><\/div>\n                    <\/div>\n                  <\/div>\n                <\/div>\n              <\/div>\n            <\/div>\n          <\/div>\n          <div class=\"h-column h-column-container d-flex h-col-lg-auto h-col-md-auto h-col-auto style-354-outer style-local-137-c6-outer\">\n            <div data-colibri-id=\"137-c6\" class=\"d-flex h-flex-basis h-column__inner h-px-lg-2 h-px-md-2 h-px-2 v-inner-lg-2 v-inner-md-2 v-inner-2 style-354 style-local-137-c6 position-relative\">\n              <!---->\n              <!---->\n              <div class=\"w-100 h-y-container h-column__content h-column__v-align flex-basis-100 align-self-lg-start align-self-md-start align-self-start\">\n                <!---->\n                <div data-colibri-id=\"137-c7\" class=\"h-global-transition-all h-heading style-356 style-local-137-c7 position-relative h-element\">\n                  <!---->\n                  <div class=\"h-heading__outer style-356 style-local-137-c7\">\n                    <!---->\n                    <!---->\n                    <h2 class=\"\">Wissenschaft und Praxis\n                      <br>\n                      <br><em style=\"font-family: &quot;Playfair Display&quot;;\">Hand in Hand<\/em>&nbsp;<\/h2>\n                  <\/div>\n                <\/div>\n              <\/div>\n            <\/div>\n          <\/div>\n        <\/div>\n      <\/div>\n      <div data-colibri-id=\"137-c8\" class=\"h-row-container gutters-row-lg-2 gutters-row-md-2 gutters-row-0 gutters-row-v-lg-2 gutters-row-v-md-2 gutters-row-v-2 style-360 style-local-137-c8 position-relative\">\n        <!---->\n        <div class=\"h-row justify-content-lg-center justify-content-md-center justify-content-center align-items-lg-stretch align-items-md-stretch align-items-stretch gutters-col-lg-2 gutters-col-md-2 gutters-col-0 gutters-col-v-lg-2 gutters-col-v-md-2 gutters-col-v-2\">\n          <!---->\n          <div class=\"h-column h-column-container d-flex h-col-lg-12 h-col-md-12 h-col-12 style-361-outer style-local-137-c9-outer\">\n            <div data-colibri-id=\"137-c9\" class=\"d-flex h-flex-basis h-column__inner h-px-lg-2 h-px-md-2 h-px-2 v-inner-lg-2 v-inner-md-2 v-inner-2 style-361 style-local-137-c9 position-relative\">\n              <!---->\n              <!---->\n              <div class=\"w-100 h-y-container h-column__content h-column__v-align flex-basis-100 align-self-lg-start align-self-md-start align-self-start\">\n                <!---->\n                <div data-colibri-id=\"137-c10\" class=\"h-text h-text-component style-363 style-local-137-c10 position-relative h-element\">\n                  <!---->\n                  <!---->\n                  <div class=\"\">\n                    <p>Ich sehe die wissenschaftliche Arbeit als wichtige Grundlage f\u00fcr die praktische T\u00e4tigkeit. Sie f\u00fchrt zu neuen Erkenntnissen und erm\u00f6glicht Weiterentwicklung. Gleichzeitig k\u00f6nnen durch Forschung unsere Erfolge gegen zuf\u00e4llige Effekte\n                      abgesichert werden. Denn was wirklich wirkt, wird sich auch in wissenschaftlichen \u00dcberpr\u00fcfungen als \u00fcberlegen erweisen.<\/p>\n                    <p>Auch wenn ich inzwischen nicht mehr in der Forschung arbeite, begleiten meine Erfahrungen aus der Arbeit als wissenschaftliche Mitarbeiterin meine praktische T\u00e4tigkeit bis heute.<\/p>\n                    <p>\n                      <br>\n                    <\/p>\n                  <\/div>\n                <\/div>\n              <\/div>\n            <\/div>\n          <\/div>\n        <\/div>\n      <\/div>\n    <\/div>\n  <\/div>\n  <div data-colibri-component=\"section\" data-colibri-id=\"137-c11\" id=\"features\" class=\"h-section h-section-global-spacing d-flex align-items-lg-center align-items-md-center align-items-center style-364 style-local-137-c11 position-relative\">\n    <!---->\n    <!---->\n    <div class=\"h-section-grid-container h-section-boxed-container\">\n      <div data-colibri-id=\"137-c29\" class=\"h-row-container gutters-row-lg-2 gutters-row-md-2 gutters-row-0 gutters-row-v-lg-2 gutters-row-v-md-2 gutters-row-v-2 style-374 style-local-137-c29 position-relative\">\n        <!---->\n        <div class=\"h-row justify-content-lg-center justify-content-md-center justify-content-center align-items-lg-stretch align-items-md-stretch align-items-stretch gutters-col-lg-2 gutters-col-md-2 gutters-col-0 gutters-col-v-lg-2 gutters-col-v-md-2 gutters-col-v-2\">\n          <!---->\n          <div class=\"h-column h-column-container d-flex h-col-lg-auto h-col-md-auto h-col-auto style-375-outer style-local-137-c30-outer\">\n            <div data-colibri-id=\"137-c30\" class=\"d-flex h-flex-basis h-column__inner h-px-lg-2 h-px-md-2 h-px-2 v-inner-lg-2 v-inner-md-2 v-inner-2 style-375 style-local-137-c30 position-relative\">\n              <!---->\n              <!---->\n              <div class=\"w-100 h-y-container h-column__content h-column__v-align flex-basis-100 align-self-lg-start align-self-md-start align-self-start\">\n                <!---->\n                <div data-colibri-id=\"137-c31\" class=\"h-global-transition-all h-heading style-376 style-local-137-c31 position-relative h-element\">\n                  <!---->\n                  <div class=\"h-heading__outer style-376 style-local-137-c31\">\n                    <!---->\n                    <!---->\n                    <h2 class=\"\">Meine wissenschaftliche Arbeit<\/h2>\n                  <\/div>\n                <\/div>\n              <\/div>\n            <\/div>\n          <\/div>\n        <\/div>\n      <\/div>\n      <div data-colibri-id=\"137-c12\" class=\"h-row-container gutters-row-lg-2 gutters-row-md-2 gutters-row-2 gutters-row-v-lg-2 gutters-row-v-md-2 gutters-row-v-2 style-365 style-local-137-c12 position-relative\">\n        <!---->\n        <div class=\"h-row justify-content-lg-center justify-content-md-center justify-content-center align-items-lg-stretch align-items-md-stretch align-items-stretch gutters-col-lg-2 gutters-col-md-2 gutters-col-2 gutters-col-v-lg-2 gutters-col-v-md-2 gutters-col-v-2\">\n          <!---->\n          <div class=\"h-column h-column-container d-flex h-col-lg-6 h-col-md-6 h-col-12 style-366-outer style-local-137-c13-outer\">\n            <div data-colibri-id=\"137-c13\" class=\"d-flex h-flex-basis h-column__inner h-px-lg-0 h-px-md-0 h-px-0 v-inner-lg-0 v-inner-md-0 v-inner-0 style-366 style-local-137-c13 position-relative\">\n              <!---->\n              <!---->\n              <div class=\"w-100 h-y-container h-column__content h-column__v-align flex-basis-100 align-self-lg-start align-self-md-start align-self-start\">\n                <!---->\n                <div data-colibri-id=\"137-c14\" class=\"d-block style-367 style-local-137-c14 position-relative h-element\">\n                  <!---->\n                  <div class=\"h-image__frame-container-outer\">\n                    <div class=\"h-image__frame-container\">\n                      <!---->\n                      <!---->\n                      <img loading=\"lazy\" decoding=\"async\" width=\"640\" height=\"640\" src=\"http:\/\/dr-svenja-roch.de\/wp-content\/uploads\/2021\/12\/cropped-Veroeffentlichung-1.png\" class=\"wp-image-418 style-367-image style-local-137-c14-image\" alt=\"\" srcset=\"http:\/\/dr-svenja-roch.de\/wp-content\/uploads\/2021\/12\/cropped-Veroeffentlichung-1.png 640w, http:\/\/dr-svenja-roch.de\/wp-content\/uploads\/2021\/12\/cropped-Veroeffentlichung-1-300x300.png 300w, http:\/\/dr-svenja-roch.de\/wp-content\/uploads\/2021\/12\/cropped-Veroeffentlichung-1-150x150.png 150w\" sizes=\"auto, (max-width: 640px) 100vw, 640px\" \/>\n                      <div class=\"h-image__frame h-hide-lg h-hide-md h-hide-sm style-367-frameImage style-local-137-c14-frameImage\"><\/div>\n                    <\/div>\n                  <\/div>\n                <\/div>\n                <div data-colibri-id=\"137-c15\" class=\"h-row-container gutters-row-lg-0 gutters-row-md-0 gutters-row-2 gutters-row-v-lg-0 gutters-row-v-md-0 gutters-row-v-2 style-368 style-local-137-c15 position-relative\">\n                  <!---->\n                  <div class=\"h-row justify-content-lg-center justify-content-md-center justify-content-center align-items-lg-stretch align-items-md-stretch align-items-stretch gutters-col-lg-0 gutters-col-md-0 gutters-col-2 gutters-col-v-lg-0 gutters-col-v-md-0 gutters-col-v-2\">\n                    <!---->\n                    <div class=\"h-column h-column-container d-flex h-col-lg-auto h-col-md-auto h-col-auto style-369-outer style-local-137-c16-outer\">\n                      <div data-colibri-id=\"137-c16\" class=\"d-flex h-flex-basis h-column__inner h-px-lg-2 h-px-md-3 h-px-2 v-inner-lg-2 v-inner-md-3 v-inner-2 style-369 style-local-137-c16 position-relative\">\n                        <!---->\n                        <!---->\n                        <div class=\"w-100 h-y-container h-column__content h-column__v-align flex-basis-100 align-self-lg-start align-self-md-start align-self-start\">\n                          <!---->\n                          <div data-colibri-id=\"137-c17\" class=\"h-global-transition-all h-heading style-370 style-local-137-c17 position-relative h-element\">\n                            <!---->\n                            <div class=\"h-heading__outer style-370 style-local-137-c17\">\n                              <!---->\n                              <!---->\n                              <h4 class=\"\">Ver\u00f6ffentlichungen<\/h4>\n                            <\/div>\n                          <\/div>\n                          <div data-colibri-id=\"137-c18\" class=\"h-text h-text-component style-371 style-local-137-c18 position-relative h-element\">\n                            <!---->\n                            <!---->\n                            <div class=\"\">\n                              <p>Durch meine Arbeit als wissenschaftliche Mitarbeiterin habe ich an verschiedenen Ver\u00f6ffentlichungen in Fachzeitschriften und B\u00fcchern mitgewirkt.<\/p>\n                            <\/div>\n                          <\/div>\n                        <\/div>\n                      <\/div>\n                    <\/div>\n                  <\/div>\n                <\/div>\n                <div data-colibri-id=\"137-c19\" class=\"h-x-container style-372 style-local-137-c19 position-relative h-element\">\n                  <!---->\n                  <div class=\"h-x-container-inner style-dynamic-137-c19-group style-372-spacing style-local-137-c19-spacing\"><span class=\"h-link__outer style-373-outer style-local-137-c20-outer d-inline-flex h-element\"><a h-use-smooth-scroll=\"true\" href=\"http:\/\/dr-svenja-roch.de\/?page_id=73\"  data-colibri-id=\"137-c20\" class=\"d-flex w-100 align-items-center h-link style-373 style-local-137-c20 position-relative\"><!----><!----> <span>Mehr erfahren<\/span>                    <span class=\"h-svg-icon h-link__icon style-373-icon style-local-137-c20-icon\"><!--Icon by Icons8 Line Awesome (https:\/\/icons8.com\/line-awesome)--><svg version=\"1.1\" xmlns=\"http:\/\/www.w3.org\/2000\/svg\" xmlns:xlink=\"http:\/\/www.w3.org\/1999\/xlink\" id=\"angle-double-right\" viewBox=\"0 0 512 545.5\"><path d=\"M145.5 108.5l168 168L325 288l-11.5 11.5-168 168-22.5-23L279.5 288 123 131.5zm112 0l168 168L437 288l-11.5 11.5-168 168-22.5-23L391.5 288 235 131.5z\"><\/path><\/svg><\/span><\/a>\n                    <\/span>\n                  <\/div>\n                <\/div>\n              <\/div>\n            <\/div>\n          <\/div>\n          <div class=\"h-column h-column-container d-flex h-col-lg-6 h-col-md-6 h-col-12 style-366-outer style-local-137-c21-outer\">\n            <div data-colibri-id=\"137-c21\" class=\"d-flex h-flex-basis h-column__inner h-px-lg-0 h-px-md-0 h-px-0 v-inner-lg-0 v-inner-md-0 v-inner-0 style-366 style-local-137-c21 position-relative\">\n              <!---->\n              <!---->\n              <div class=\"w-100 h-y-container h-column__content h-column__v-align flex-basis-100 align-self-lg-start align-self-md-start align-self-start\">\n                <!---->\n                <div data-colibri-id=\"137-c22\" class=\"d-block style-367 style-local-137-c22 position-relative h-element\">\n                  <!---->\n                  <div class=\"h-image__frame-container-outer\">\n                    <div class=\"h-image__frame-container\">\n                      <!---->\n                      <!---->\n                      <img loading=\"lazy\" decoding=\"async\" width=\"1203\" height=\"1202\" src=\"http:\/\/dr-svenja-roch.de\/wp-content\/uploads\/2021\/12\/cropped-Vortrag.png\" class=\"wp-image-417 style-367-image style-local-137-c22-image\" alt=\"\" srcset=\"http:\/\/dr-svenja-roch.de\/wp-content\/uploads\/2021\/12\/cropped-Vortrag.png 1203w, http:\/\/dr-svenja-roch.de\/wp-content\/uploads\/2021\/12\/cropped-Vortrag-300x300.png 300w, http:\/\/dr-svenja-roch.de\/wp-content\/uploads\/2021\/12\/cropped-Vortrag-1024x1024.png 1024w, http:\/\/dr-svenja-roch.de\/wp-content\/uploads\/2021\/12\/cropped-Vortrag-150x150.png 150w, http:\/\/dr-svenja-roch.de\/wp-content\/uploads\/2021\/12\/cropped-Vortrag-768x767.png 768w\" sizes=\"auto, (max-width: 1203px) 100vw, 1203px\" \/>\n                      <div class=\"h-image__frame h-hide-lg h-hide-md h-hide-sm style-367-frameImage style-local-137-c22-frameImage\"><\/div>\n                    <\/div>\n                  <\/div>\n                <\/div>\n                <div data-colibri-id=\"137-c23\" class=\"h-row-container gutters-row-lg-0 gutters-row-md-0 gutters-row-2 gutters-row-v-lg-0 gutters-row-v-md-0 gutters-row-v-2 style-368 style-local-137-c23 position-relative\">\n                  <!---->\n                  <div class=\"h-row justify-content-lg-center justify-content-md-center justify-content-center align-items-lg-stretch align-items-md-stretch align-items-stretch gutters-col-lg-0 gutters-col-md-0 gutters-col-2 gutters-col-v-lg-0 gutters-col-v-md-0 gutters-col-v-2\">\n                    <!---->\n                    <div class=\"h-column h-column-container d-flex h-col-lg-auto h-col-md-auto h-col-auto style-369-outer style-local-137-c24-outer\">\n                      <div data-colibri-id=\"137-c24\" class=\"d-flex h-flex-basis h-column__inner h-px-lg-2 h-px-md-3 h-px-2 v-inner-lg-2 v-inner-md-3 v-inner-2 style-369 style-local-137-c24 position-relative\">\n                        <!---->\n                        <!---->\n                        <div class=\"w-100 h-y-container h-column__content h-column__v-align flex-basis-100 align-self-lg-start align-self-md-start align-self-start\">\n                          <!---->\n                          <div data-colibri-id=\"137-c25\" class=\"h-global-transition-all h-heading style-370 style-local-137-c25 position-relative h-element\">\n                            <!---->\n                            <div class=\"h-heading__outer style-370 style-local-137-c25\">\n                              <!---->\n                              <!---->\n                              <h4 class=\"\">Fachliche Vortr\u00e4ge<\/h4>\n                            <\/div>\n                          <\/div>\n                          <div data-colibri-id=\"137-c26\" class=\"h-text h-text-component style-371 style-local-137-c26 position-relative h-element\">\n                            <!---->\n                            <!---->\n                            <div class=\"\">\n                              <p>Ich gebe mein Wissen gerne weiter! Dabei strebe ich insbesondere den gemeinsamen Austausch und rege Diskussionen an.<\/p>\n                            <\/div>\n                          <\/div>\n                        <\/div>\n                      <\/div>\n                    <\/div>\n                  <\/div>\n                <\/div>\n                <div data-colibri-id=\"137-c27\" class=\"h-x-container style-372 style-local-137-c27 position-relative h-element\">\n                  <!---->\n                  <div class=\"h-x-container-inner style-dynamic-137-c27-group style-372-spacing style-local-137-c27-spacing\"><span class=\"h-link__outer style-373-outer style-local-137-c28-outer d-inline-flex h-element\"><a h-use-smooth-scroll=\"true\" href=\"http:\/\/dr-svenja-roch.de\/?page_id=82\"  data-colibri-id=\"137-c28\" class=\"d-flex w-100 align-items-center h-link style-373 style-local-137-c28 position-relative\"><!----><!----> <span>Mehr erfahren<\/span>                    <span class=\"h-svg-icon h-link__icon style-373-icon style-local-137-c28-icon\"><!--Icon by Icons8 Line Awesome (https:\/\/icons8.com\/line-awesome)--><svg version=\"1.1\" xmlns=\"http:\/\/www.w3.org\/2000\/svg\" xmlns:xlink=\"http:\/\/www.w3.org\/1999\/xlink\" id=\"angle-double-right\" viewBox=\"0 0 512 545.5\"><path d=\"M145.5 108.5l168 168L325 288l-11.5 11.5-168 168-22.5-23L279.5 288 123 131.5zm112 0l168 168L437 288l-11.5 11.5-168 168-22.5-23L391.5 288 235 131.5z\"><\/path><\/svg><\/span><\/a>\n                    <\/span>\n                  <\/div>\n                <\/div>\n              <\/div>\n            <\/div>\n          <\/div>\n        <\/div>\n      <\/div>\n    <\/div>\n  <\/div>\n<\/div>","protected":false},"excerpt":{"rendered":"<p>Wissenschaft und Praxis Hand in Hand&nbsp; Ich sehe die wissenschaftliche Arbeit als wichtige Grundlage f\u00fcr die praktische T\u00e4tigkeit. Sie f\u00fchrt zu neuen Erkenntnissen und erm\u00f6glicht Weiterentwicklung. Gleichzeitig k\u00f6nnen durch Forschung unsere Erfolge gegen zuf\u00e4llige Effekte abgesichert werden. Denn was wirklich wirkt, wird sich auch in wissenschaftlichen \u00dcberpr\u00fcfungen als \u00fcberlegen erweisen. Auch wenn ich inzwischen nicht [&hellip;]<\/p>\n","protected":false},"author":1,"featured_media":0,"parent":0,"menu_order":2,"comment_status":"closed","ping_status":"closed","template":"page-templates\/full-width-page.php","meta":{"footnotes":""},"class_list":["post-137","page","type-page","status-publish","hentry"],"_links":{"self":[{"href":"http:\/\/dr-svenja-roch.de\/index.php?rest_route=\/wp\/v2\/pages\/137","targetHints":{"allow":["GET"]}}],"collection":[{"href":"http:\/\/dr-svenja-roch.de\/index.php?rest_route=\/wp\/v2\/pages"}],"about":[{"href":"http:\/\/dr-svenja-roch.de\/index.php?rest_route=\/wp\/v2\/types\/page"}],"author":[{"embeddable":true,"href":"http:\/\/dr-svenja-roch.de\/index.php?rest_route=\/wp\/v2\/users\/1"}],"replies":[{"embeddable":true,"href":"http:\/\/dr-svenja-roch.de\/index.php?rest_route=%2Fwp%2Fv2%2Fcomments&post=137"}],"version-history":[{"count":10,"href":"http:\/\/dr-svenja-roch.de\/index.php?rest_route=\/wp\/v2\/pages\/137\/revisions"}],"predecessor-version":[{"id":622,"href":"http:\/\/dr-svenja-roch.de\/index.php?rest_route=\/wp\/v2\/pages\/137\/revisions\/622"}],"wp:attachment":[{"href":"http:\/\/dr-svenja-roch.de\/index.php?rest_route=%2Fwp%2Fv2%2Fmedia&parent=137"}],"curies":[{"name":"wp","href":"https:\/\/api.w.org\/{rel}","templated":true}]}}